{"id":1135,"date":"2020-08-06T15:14:17","date_gmt":"2020-08-06T15:14:17","guid":{"rendered":"https:\/\/52.pt\/make\/?post_type=product&#038;p=1135"},"modified":"2023-07-13T10:25:31","modified_gmt":"2023-07-13T10:25:31","slug":"amy-winehouse","status":"publish","type":"product","link":"https:\/\/52.pt\/make\/product\/amy-winehouse\/","title":{"rendered":"Amy Winehouse"},"content":{"rendered":"","protected":false},"excerpt":{"rendered":"<p><strong>Jarra de parede<\/strong><\/p>\n<p>Para flores secas ou artificiais. Para uso de flores naturais, inserir um recipiente com \u00e1gua.<br \/>\nFlores e plantas n\u00e3o inclu\u00eddas.<\/p>\n<p>FEITO \u00c0 M\u00c3O em Portugal.<\/p>\n<p>*<\/p>\n<p>Largura &#8211; 28 cm<br \/>\nAltura &#8211; 38 cm<br \/>\nProfundidade &#8211; 6,5 cm<br \/>\nValchromat cinza de 8 mm. Protec\u00e7\u00e3o \u00e0 base de \u00f3leos e ceras naturais, inodoro e seguro para pessoas, animais e plantas.<br \/>\nDevido \u00e0 natureza do material, pode apresentar pequenas varia\u00e7\u00f5es na cor ou padr\u00e3o.<\/p>\n<p><a href=\"https:\/\/52.pt\/make\/product\/amy-winehouse\/\" class=\"more-link style1-button\">Read More<\/a><\/p>","protected":false},"featured_media":1126,"template":"","meta":{"_mi_skip_tracking":false},"product_cat":[57],"product_tag":[],"_links":{"self":[{"href":"https:\/\/52.pt\/make\/wp-json\/wp\/v2\/product\/1135"}],"collection":[{"href":"https:\/\/52.pt\/make\/wp-json\/wp\/v2\/product"}],"about":[{"href":"https:\/\/52.pt\/make\/wp-json\/wp\/v2\/types\/product"}],"version-history":[{"count":1,"href":"https:\/\/52.pt\/make\/wp-json\/wp\/v2\/product\/1135\/revisions"}],"predecessor-version":[{"id":1421,"href":"https:\/\/52.pt\/make\/wp-json\/wp\/v2\/product\/1135\/revisions\/1421"}],"wp:featuredmedia":[{"embeddable":true,"href":"https:\/\/52.pt\/make\/wp-json\/wp\/v2\/media\/1126"}],"wp:attachment":[{"href":"https:\/\/52.pt\/make\/wp-json\/wp\/v2\/media?parent=1135"}],"wp:term":[{"taxonomy":"product_cat","embeddable":true,"href":"https:\/\/52.pt\/make\/wp-json\/wp\/v2\/product_cat?post=1135"},{"taxonomy":"product_tag","embeddable":true,"href":"https:\/\/52.pt\/make\/wp-json\/wp\/v2\/product_tag?post=1135"}],"curies":[{"name":"wp","href":"https:\/\/api.w.org\/{rel}","templated":true}]}}