{"id":1187,"date":"2020-10-20T13:29:52","date_gmt":"2020-10-20T13:29:52","guid":{"rendered":"https:\/\/52.pt\/make\/?post_type=product&#038;p=1187"},"modified":"2023-07-13T10:24:34","modified_gmt":"2023-07-13T10:24:34","slug":"shadow-personalizada","status":"publish","type":"product","link":"https:\/\/52.pt\/make\/product\/shadow-personalizada\/","title":{"rendered":"Shadow personalizada"},"content":{"rendered":"","protected":false},"excerpt":{"rendered":"<p><strong>Jarra de parede<\/strong><\/p>\n<p>Para flores secas ou artificiais. Para uso de flores naturais, inserir um recipiente com \u00e1gua.<\/p>\n<p>FEITO \u00c0 M\u00c3O em Portugal.<\/p>\n<p>Uma pe\u00e7a \u00fanica, exclusiva e para a vida inteira.<br \/>\nO presente perfeito!<br \/>\nDeixe-nos criar o seu perfil, o perfil de um amigo especial, de um familiar querido ou o dos seus filhotes,<br \/>\ncom aquele carinho que n\u00f3s colocamos em cada pe\u00e7a.<br \/>\nColoque no carrinho, conclua a compra e envie, em seguida, uma fotografia de perfil para: mail@52.pt.<\/p>\n<p>*<\/p>\n<p>Medidas (aproximadas) &#8211; 30x30cm<br \/>\nProfundidade &#8211; 6,5 cm<br \/>\nContraplacado de b\u00e9tula de 10mm com folha natural de faia ou valchromat cinza de 8mm. Protec\u00e7\u00e3o \u00e0 base de \u00f3leos e ceras naturais, inodoro e seguro para pessoas, animais e plantas.<br \/>\nDevido \u00e0 natureza do material, pode apresentar pequenas varia\u00e7\u00f5es na cor ou padr\u00e3o.<\/p>\n<p><a href=\"https:\/\/52.pt\/make\/product\/shadow-personalizada\/\" class=\"more-link style1-button\">Read More<\/a><\/p>","protected":false},"featured_media":1188,"template":"","meta":{"_mi_skip_tracking":false},"product_cat":[57],"product_tag":[],"_links":{"self":[{"href":"https:\/\/52.pt\/make\/wp-json\/wp\/v2\/product\/1187"}],"collection":[{"href":"https:\/\/52.pt\/make\/wp-json\/wp\/v2\/product"}],"about":[{"href":"https:\/\/52.pt\/make\/wp-json\/wp\/v2\/types\/product"}],"version-history":[{"count":1,"href":"https:\/\/52.pt\/make\/wp-json\/wp\/v2\/product\/1187\/revisions"}],"predecessor-version":[{"id":1420,"href":"https:\/\/52.pt\/make\/wp-json\/wp\/v2\/product\/1187\/revisions\/1420"}],"wp:featuredmedia":[{"embeddable":true,"href":"https:\/\/52.pt\/make\/wp-json\/wp\/v2\/media\/1188"}],"wp:attachment":[{"href":"https:\/\/52.pt\/make\/wp-json\/wp\/v2\/media?parent=1187"}],"wp:term":[{"taxonomy":"product_cat","embeddable":true,"href":"https:\/\/52.pt\/make\/wp-json\/wp\/v2\/product_cat?post=1187"},{"taxonomy":"product_tag","embeddable":true,"href":"https:\/\/52.pt\/make\/wp-json\/wp\/v2\/product_tag?post=1187"}],"curies":[{"name":"wp","href":"https:\/\/api.w.org\/{rel}","templated":true}]}}