{"id":1239,"date":"2020-11-26T14:16:43","date_gmt":"2020-11-26T14:16:43","guid":{"rendered":"https:\/\/52.pt\/make\/?post_type=product&#038;p=1239"},"modified":"2022-09-07T16:21:07","modified_gmt":"2022-09-07T16:21:07","slug":"wallpaper-bear","status":"publish","type":"product","link":"https:\/\/52.pt\/make\/product\/wallpaper-bear\/","title":{"rendered":"Wallpaper Bear"},"content":{"rendered":"","protected":false},"excerpt":{"rendered":"<p><b>Descri\u00e7\u00e3o:<br \/>\n<\/b>Raposinhas divertidas e tranquilas a ler, a comer e a descansar! O papel de parede Fox \u00e9 perfeito para a decora\u00e7\u00e3o de quartos infantis. A composi\u00e7\u00e3o de raposas no parque cria uma sensa\u00e7\u00e3o de amplitude em quartos mais pequenos.<br \/>\nEste <em>Non-wooven Wallpaper Matte<\/em> \u00e9 um papel de parede tecido n\u00e3o-tecido, de 225g, superf\u00edcie mate.<br \/>\nO TNT \u00e9 um papel de parede \u00e0 base de algod\u00e3o (n\u00e3o vin\u00edlico) mais f\u00e1cil de aplicar e de remover. Aplica-se diretamente na parede preparada com cola e n\u00e3o necessita de removedor, pois n\u00e3o deixa res\u00edduos.<br \/>\nImpresso com tintas eco-solventes, PVC free e eco-friendly.<\/p>\n<p>Ilustra\u00e7\u00e3o original de <em>Beatriz Le\u00e3o.<\/em><\/p>\n<p><b>Dimens\u00f5es (cada tira):<\/b><br \/>\n\u2022\u00a0\u00a0Largura 100cm<br \/>\n\u2022\u00a0\u00a0Altura 270cm<\/p>\n<p><strong>Prazo de entrega:<\/strong><br \/>\n5-10 dias \u00fateis.<\/p>\n<p><a href=\"https:\/\/52.pt\/make\/product\/wallpaper-bear\/\" class=\"more-link style1-button\">Read More<\/a><\/p>","protected":false},"featured_media":1240,"template":"","meta":{"_mi_skip_tracking":false},"product_cat":[75],"product_tag":[],"_links":{"self":[{"href":"https:\/\/52.pt\/make\/wp-json\/wp\/v2\/product\/1239"}],"collection":[{"href":"https:\/\/52.pt\/make\/wp-json\/wp\/v2\/product"}],"about":[{"href":"https:\/\/52.pt\/make\/wp-json\/wp\/v2\/types\/product"}],"version-history":[{"count":2,"href":"https:\/\/52.pt\/make\/wp-json\/wp\/v2\/product\/1239\/revisions"}],"predecessor-version":[{"id":1588,"href":"https:\/\/52.pt\/make\/wp-json\/wp\/v2\/product\/1239\/revisions\/1588"}],"wp:featuredmedia":[{"embeddable":true,"href":"https:\/\/52.pt\/make\/wp-json\/wp\/v2\/media\/1240"}],"wp:attachment":[{"href":"https:\/\/52.pt\/make\/wp-json\/wp\/v2\/media?parent=1239"}],"wp:term":[{"taxonomy":"product_cat","embeddable":true,"href":"https:\/\/52.pt\/make\/wp-json\/wp\/v2\/product_cat?post=1239"},{"taxonomy":"product_tag","embeddable":true,"href":"https:\/\/52.pt\/make\/wp-json\/wp\/v2\/product_tag?post=1239"}],"curies":[{"name":"wp","href":"https:\/\/api.w.org\/{rel}","templated":true}]}}