{"id":1454,"date":"2021-05-28T11:51:28","date_gmt":"2021-05-28T11:51:28","guid":{"rendered":"https:\/\/52.pt\/make\/?post_type=product&#038;p=1454"},"modified":"2022-09-07T16:35:55","modified_gmt":"2022-09-07T16:35:55","slug":"wallpaper-sintra","status":"publish","type":"product","link":"https:\/\/52.pt\/make\/product\/wallpaper-sintra\/","title":{"rendered":"Wallpaper Sintra"},"content":{"rendered":"","protected":false},"excerpt":{"rendered":"<p><b>Descri\u00e7\u00e3o:<\/b><br \/>\nUma composi\u00e7\u00e3o moderna, leve e fresca inspirada na paisagem da Serra de Sintra, para trazer a tranquilidade da natureza para dentro de casa ou para o espa\u00e7o de trabalho e imprimir uma sensa\u00e7\u00e3o de maior dimens\u00e3o ao espa\u00e7o.<br \/>\nEste <em>Non-wooven Wallpaper Matte<\/em> \u00e9 um papel de parede tecido n\u00e3o-tecido, de 225g, superf\u00edcie mate.<br \/>\nO TNT \u00e9 um papel de parede \u00e0 base de algod\u00e3o (n\u00e3o vin\u00edlico) mais f\u00e1cil de aplicar e de remover. Aplica-se diretamente na parede preparada com cola e n\u00e3o necessita de removedor, pois n\u00e3o deixa res\u00edduos.<br \/>\nImpresso com tintas eco-solventes, PVC free e eco-friendly.<\/p>\n<p>Durante o processo da compra indique apenas a quantidade total de tiras desejada. Ao concluir, insira nas notas a quantidade individual de cada tira (tira 1, tira 2, tira 3 e tira 4, conforme indicado nas imagens). Na falta desta informa\u00e7\u00e3o, entraremos em contacto.<\/p>\n<p>Outras cores ou formatos personalizados, contacte-nos.<\/p>\n<p><b>Dimens\u00f5es (cada tira):<\/b><br \/>\n\u2022\u00a0\u00a0Largura 100cm<br \/>\n\u2022\u00a0\u00a0Altura 270cm<\/p>\n<p><strong>Prazo de entrega:<\/strong><br \/>\n5-10 dias \u00fateis.<\/p>\n<p><a href=\"https:\/\/52.pt\/make\/product\/wallpaper-sintra\/\" class=\"more-link style1-button\">Read More<\/a><\/p>","protected":false},"featured_media":1456,"template":"","meta":{"_mi_skip_tracking":false},"product_cat":[75],"product_tag":[],"_links":{"self":[{"href":"https:\/\/52.pt\/make\/wp-json\/wp\/v2\/product\/1454"}],"collection":[{"href":"https:\/\/52.pt\/make\/wp-json\/wp\/v2\/product"}],"about":[{"href":"https:\/\/52.pt\/make\/wp-json\/wp\/v2\/types\/product"}],"version-history":[{"count":5,"href":"https:\/\/52.pt\/make\/wp-json\/wp\/v2\/product\/1454\/revisions"}],"predecessor-version":[{"id":1469,"href":"https:\/\/52.pt\/make\/wp-json\/wp\/v2\/product\/1454\/revisions\/1469"}],"wp:featuredmedia":[{"embeddable":true,"href":"https:\/\/52.pt\/make\/wp-json\/wp\/v2\/media\/1456"}],"wp:attachment":[{"href":"https:\/\/52.pt\/make\/wp-json\/wp\/v2\/media?parent=1454"}],"wp:term":[{"taxonomy":"product_cat","embeddable":true,"href":"https:\/\/52.pt\/make\/wp-json\/wp\/v2\/product_cat?post=1454"},{"taxonomy":"product_tag","embeddable":true,"href":"https:\/\/52.pt\/make\/wp-json\/wp\/v2\/product_tag?post=1454"}],"curies":[{"name":"wp","href":"https:\/\/api.w.org\/{rel}","templated":true}]}}