{"id":1579,"date":"2022-09-07T12:23:13","date_gmt":"2022-09-07T12:23:13","guid":{"rendered":"https:\/\/52.pt\/make\/?post_type=product&#038;p=1579"},"modified":"2022-09-09T11:02:15","modified_gmt":"2022-09-09T11:02:15","slug":"chariar","status":"publish","type":"product","link":"https:\/\/52.pt\/make\/product\/chariar\/","title":{"rendered":"Chariar"},"content":{"rendered":"","protected":false},"excerpt":{"rendered":"<p><strong>Ilustra\u00e7\u00e3o original<br \/>\n<\/strong>Ilustra\u00e7\u00e3o original a grafite sobre papel colada sobre chapa de madeira de 227x300mm e 4mm de espessura, assinada \u00e0 frente e atr\u00e1s e acompanhada de Certificado de Autenticidade.<br \/>\nInclui suporte serrilhado para pendurar sem emoldurar. O suporte pode ser retirado para emoldurar.<br \/>\nEncontra-se protegida com fixador, mas n\u00e3o deve ser limpa com pano nem l\u00edquidos, apenas com um espanador suave.<br \/>\n<em>*<\/em><br \/>\n\u201cEstas s\u00e3o obras originais dos livros em que participei como ilustradora ao longo dos \u00faltimos vinte anos. As vers\u00f5es coloridas destes desenhos (reprodu\u00e7\u00f5es) podem ser encontradas em \u00e1lbuns ilustrados comercializados em Portugal e no estrangeiro.\u201d<br \/>\nCarla Nazareth<\/p>\n<p>&nbsp;<\/p>\n<p><strong><em>Original illustration<br \/>\n<\/em><\/strong><em>Original graphite illustration on paper pasted on a 227x300mm and 4mm thick wooden plate, signed on the front and back and with Certificate of Authenticity.<br \/>\nIncludes a hook for hanging without framing. It can be removed for framing.<br \/>\nIt is protected with a fixative, but it should not be cleaned with a cloth or liquids, only with a soft duster.<br \/>\n<\/em><em>*<\/em><br \/>\n<em>\u201cThese are original works from the books in which I participated as an illustrator over the last twenty years. Colored versions of these drawings (reproductions) can be found in illustrated albums sold in Portugal and abroad.\u201d<\/em><br \/>\n<em>Carla Nazareth<\/em><\/p>\n<p><a href=\"https:\/\/52.pt\/make\/product\/chariar\/\" class=\"more-link style1-button\">Read More<\/a><\/p>","protected":false},"featured_media":1565,"template":"","meta":{"_mi_skip_tracking":false},"product_cat":[76],"product_tag":[],"_links":{"self":[{"href":"https:\/\/52.pt\/make\/wp-json\/wp\/v2\/product\/1579"}],"collection":[{"href":"https:\/\/52.pt\/make\/wp-json\/wp\/v2\/product"}],"about":[{"href":"https:\/\/52.pt\/make\/wp-json\/wp\/v2\/types\/product"}],"version-history":[{"count":1,"href":"https:\/\/52.pt\/make\/wp-json\/wp\/v2\/product\/1579\/revisions"}],"predecessor-version":[{"id":1580,"href":"https:\/\/52.pt\/make\/wp-json\/wp\/v2\/product\/1579\/revisions\/1580"}],"wp:featuredmedia":[{"embeddable":true,"href":"https:\/\/52.pt\/make\/wp-json\/wp\/v2\/media\/1565"}],"wp:attachment":[{"href":"https:\/\/52.pt\/make\/wp-json\/wp\/v2\/media?parent=1579"}],"wp:term":[{"taxonomy":"product_cat","embeddable":true,"href":"https:\/\/52.pt\/make\/wp-json\/wp\/v2\/product_cat?post=1579"},{"taxonomy":"product_tag","embeddable":true,"href":"https:\/\/52.pt\/make\/wp-json\/wp\/v2\/product_tag?post=1579"}],"curies":[{"name":"wp","href":"https:\/\/api.w.org\/{rel}","templated":true}]}}