{"id":1619,"date":"2022-11-01T16:30:42","date_gmt":"2022-11-01T16:30:42","guid":{"rendered":"https:\/\/52.pt\/make\/?post_type=product&#038;p=1619"},"modified":"2022-12-12T11:17:20","modified_gmt":"2022-12-12T11:17:20","slug":"viajante","status":"publish","type":"product","link":"https:\/\/52.pt\/make\/product\/viajante\/","title":{"rendered":"Viajante"},"content":{"rendered":"","protected":false},"excerpt":{"rendered":"<p>Digigrafia assinada e acompanhada de certificado de autenticidade.<br \/>\nTrata-se de uma impress\u00e3o gicl\u00e9e de alta qualidade sobre papel Hahnem\u00fchle 100% algod\u00e3o, acabamento liso, branco mate, livre de \u00e1cidos e de lignina e com baixo valor\u00a0de aditivos branqueadores \u00f3ticos, ISO 9706 \/ qualidade museogr\u00e1fica para maior durabilidade.<br \/>\n&#8211;<br \/>\nArt Print signed and with certificate of authenticity. It is a high quality gicl\u00e9e print on Hahnem\u00fchle paper, 100% cotton, smooth, matt white, acid- and lignin-free, with low value of optical brightening additives,\u00a0ISO 9706 conform \/ museum quality for highest age resistance.<\/p>\n<p><b>Formato:<\/b><br \/>\nA4 (21&#215;29,7 cm)<\/p>\n<p><a href=\"https:\/\/52.pt\/make\/product\/viajante\/\" class=\"more-link style1-button\">Read More<\/a><\/p>","protected":false},"featured_media":1603,"template":"","meta":{"_mi_skip_tracking":false},"product_cat":[80],"product_tag":[],"_links":{"self":[{"href":"https:\/\/52.pt\/make\/wp-json\/wp\/v2\/product\/1619"}],"collection":[{"href":"https:\/\/52.pt\/make\/wp-json\/wp\/v2\/product"}],"about":[{"href":"https:\/\/52.pt\/make\/wp-json\/wp\/v2\/types\/product"}],"version-history":[{"count":1,"href":"https:\/\/52.pt\/make\/wp-json\/wp\/v2\/product\/1619\/revisions"}],"predecessor-version":[{"id":1620,"href":"https:\/\/52.pt\/make\/wp-json\/wp\/v2\/product\/1619\/revisions\/1620"}],"wp:featuredmedia":[{"embeddable":true,"href":"https:\/\/52.pt\/make\/wp-json\/wp\/v2\/media\/1603"}],"wp:attachment":[{"href":"https:\/\/52.pt\/make\/wp-json\/wp\/v2\/media?parent=1619"}],"wp:term":[{"taxonomy":"product_cat","embeddable":true,"href":"https:\/\/52.pt\/make\/wp-json\/wp\/v2\/product_cat?post=1619"},{"taxonomy":"product_tag","embeddable":true,"href":"https:\/\/52.pt\/make\/wp-json\/wp\/v2\/product_tag?post=1619"}],"curies":[{"name":"wp","href":"https:\/\/api.w.org\/{rel}","templated":true}]}}