{"id":909,"date":"2020-04-06T17:21:17","date_gmt":"2020-04-06T17:21:17","guid":{"rendered":"https:\/\/52.pt\/make\/?post_type=product&#038;p=909"},"modified":"2023-07-13T10:34:01","modified_gmt":"2023-07-13T10:34:01","slug":"june-beech","status":"publish","type":"product","link":"https:\/\/52.pt\/make\/product\/june-beech\/","title":{"rendered":"June Beech"},"content":{"rendered":"","protected":false},"excerpt":{"rendered":"<p><strong>Jarra de parede<\/strong><\/p>\n<p>Para flores secas ou artificiais. Para uso de flores naturais, inserir um recipiente com \u00e1gua.<br \/>\nFlores e plantas n\u00e3o inclu\u00eddas.<\/p>\n<p>FEITO \u00c0 M\u00c3O em Portugal.<\/p>\n<p>*<br \/>\n\u201cJUNE traz consigo a luz do sol. Menina de vestido de linho e sand\u00e1lia no p\u00e9, percorre as ruas de m\u00e3os abertas para sentir o calor das fachadas, a textura das \u00e1rvores, o fresco da \u00e1gua das fontes, a tranquilidade do gato sonolento na ombreira da porta&#8230; o pulsar da vida. Por fora, \u00e9 toda timidez tranquila, simplicidade e minimalismo. Por dentro, \u00e9 fogo ardente de teorias sobre o mundo. E se n\u00f3s soub\u00e9ssemos como \u00e9 rico o seu mundo!&#8230; Rica \u00e9 June, no seu mundo feito de coisas simples.\u201d<br \/>\nCarla Nazareth<br \/>\n*<\/p>\n<p>Largura &#8211; 26 cm<br \/>\nAltura &#8211; 32 cm<br \/>\nProfundidade &#8211; 6,5 cm<br \/>\nContraplacado de b\u00e9tula de 10mm com folha natural de faia. Protec\u00e7\u00e3o \u00e0 base de \u00f3leos e cenas naturais, inodoro e seguro para pessoas, animais e plantas.<br \/>\nDevido \u00e0 natureza do material, pode apresentar pequenas varia\u00e7\u00f5es na cor ou padr\u00e3o.<\/p>\n<p><a href=\"https:\/\/52.pt\/make\/product\/june-beech\/\" class=\"more-link style1-button\">Read More<\/a><\/p>","protected":false},"featured_media":910,"template":"","meta":{"_mi_skip_tracking":false},"product_cat":[57],"product_tag":[],"_links":{"self":[{"href":"https:\/\/52.pt\/make\/wp-json\/wp\/v2\/product\/909"}],"collection":[{"href":"https:\/\/52.pt\/make\/wp-json\/wp\/v2\/product"}],"about":[{"href":"https:\/\/52.pt\/make\/wp-json\/wp\/v2\/types\/product"}],"version-history":[{"count":2,"href":"https:\/\/52.pt\/make\/wp-json\/wp\/v2\/product\/909\/revisions"}],"predecessor-version":[{"id":1434,"href":"https:\/\/52.pt\/make\/wp-json\/wp\/v2\/product\/909\/revisions\/1434"}],"wp:featuredmedia":[{"embeddable":true,"href":"https:\/\/52.pt\/make\/wp-json\/wp\/v2\/media\/910"}],"wp:attachment":[{"href":"https:\/\/52.pt\/make\/wp-json\/wp\/v2\/media?parent=909"}],"wp:term":[{"taxonomy":"product_cat","embeddable":true,"href":"https:\/\/52.pt\/make\/wp-json\/wp\/v2\/product_cat?post=909"},{"taxonomy":"product_tag","embeddable":true,"href":"https:\/\/52.pt\/make\/wp-json\/wp\/v2\/product_tag?post=909"}],"curies":[{"name":"wp","href":"https:\/\/api.w.org\/{rel}","templated":true}]}}