{"id":931,"date":"2020-04-08T16:32:13","date_gmt":"2020-04-08T16:32:13","guid":{"rendered":"https:\/\/52.pt\/make\/?post_type=product&#038;p=931"},"modified":"2023-07-13T10:36:22","modified_gmt":"2023-07-13T10:36:22","slug":"leda-beech","status":"publish","type":"product","link":"https:\/\/52.pt\/make\/product\/leda-beech\/","title":{"rendered":"Leda Beech"},"content":{"rendered":"","protected":false},"excerpt":{"rendered":"<p><strong>Jarra de parede<\/strong><\/p>\n<p>Para flores secas ou artificiais. Para uso de flores naturais, inserir um recipiente com \u00e1gua.<br \/>\nFlores e plantas n\u00e3o inclu\u00eddas.<\/p>\n<p>FEITO \u00c0 M\u00c3O em Portugal.<\/p>\n<p>*<br \/>\n&#8220;Leda encanta-se pelas cores do c\u00e9u. Nasceu no dia em que este era lil\u00e1s, as nuvens rosa como o algod\u00e3o doce e os campos laranja de t\u00e3o maduros. Por isso, Leda brinca com as cores enquanto cria. Da cor da pele \u00e0 cor do olhar, da cor dos sonhos \u00e0 cor do c\u00e9u, para Leda O MUNDO \u00c9 A SUA PALETA. N\u00e3o h\u00e1 cor que a desagrade pois em todas v\u00ea carisma, todas t\u00eam os seus tons, as suas nuances e por isso, por serem \u00fanicas, como ela, s\u00e3o especiais.&#8221;<br \/>\nCarla Nazareth<br \/>\n*<\/p>\n<p>Largura &#8211; 28 cm<br \/>\nAltura &#8211; 40 cm<br \/>\nProfundidade &#8211; 6,5 cm<br \/>\nContraplacado de b\u00e9tula de 10mm com folha natural de faia. Protec\u00e7\u00e3o \u00e0 base de \u00f3leos e cenas naturais, inodoro e seguro para pessoas, animais e plantas.<br \/>\nDevido \u00e0 natureza do material, pode apresentar pequenas varia\u00e7\u00f5es na cor ou padr\u00e3o.<\/p>\n<p><a href=\"https:\/\/52.pt\/make\/product\/leda-beech\/\" class=\"more-link style1-button\">Read More<\/a><\/p>","protected":false},"featured_media":932,"template":"","meta":{"_mi_skip_tracking":false},"product_cat":[57],"product_tag":[],"_links":{"self":[{"href":"https:\/\/52.pt\/make\/wp-json\/wp\/v2\/product\/931"}],"collection":[{"href":"https:\/\/52.pt\/make\/wp-json\/wp\/v2\/product"}],"about":[{"href":"https:\/\/52.pt\/make\/wp-json\/wp\/v2\/types\/product"}],"version-history":[{"count":2,"href":"https:\/\/52.pt\/make\/wp-json\/wp\/v2\/product\/931\/revisions"}],"predecessor-version":[{"id":1282,"href":"https:\/\/52.pt\/make\/wp-json\/wp\/v2\/product\/931\/revisions\/1282"}],"wp:featuredmedia":[{"embeddable":true,"href":"https:\/\/52.pt\/make\/wp-json\/wp\/v2\/media\/932"}],"wp:attachment":[{"href":"https:\/\/52.pt\/make\/wp-json\/wp\/v2\/media?parent=931"}],"wp:term":[{"taxonomy":"product_cat","embeddable":true,"href":"https:\/\/52.pt\/make\/wp-json\/wp\/v2\/product_cat?post=931"},{"taxonomy":"product_tag","embeddable":true,"href":"https:\/\/52.pt\/make\/wp-json\/wp\/v2\/product_tag?post=931"}],"curies":[{"name":"wp","href":"https:\/\/api.w.org\/{rel}","templated":true}]}}