{"id":936,"date":"2020-04-08T16:35:36","date_gmt":"2020-04-08T16:35:36","guid":{"rendered":"https:\/\/52.pt\/make\/?post_type=product&#038;p=936"},"modified":"2023-07-13T10:35:56","modified_gmt":"2023-07-13T10:35:56","slug":"hope-beech","status":"publish","type":"product","link":"https:\/\/52.pt\/make\/product\/hope-beech\/","title":{"rendered":"Hope Beech"},"content":{"rendered":"","protected":false},"excerpt":{"rendered":"<p><strong>Jarra de parede<\/strong><\/p>\n<p>Para flores secas ou artificiais. Para uso de flores naturais, inserir um recipiente com \u00e1gua.<br \/>\nFlores e plantas n\u00e3o inclu\u00eddas.<\/p>\n<p>FEITO \u00c0 M\u00c3O em Portugal.<\/p>\n<p>*<br \/>\n&#8220;A Hope nasce numa altura muito especial da minha vida &#8211; da de todos n\u00f3s, afinal -, de grande mudan\u00e7a interior, de muito medo de perder tudo o que conseguimos at\u00e9 aqui, mas tamb\u00e9m de muita ESPERAN\u00c7A. Este olhar em frente, altivo e corajoso, s\u00f3 pode ser de uma mulher que ama e \u00e9 amada e que usa todo esse amor como energia para acreditar e ter esperan\u00e7a nas oportunidades que daqui poder\u00e3o advir.&#8221;<br \/>\nCarla Nazareth<br \/>\n*<\/p>\n<p>Largura &#8211; 32 cm<br \/>\nAltura &#8211; 32 cm<br \/>\nProfundidade &#8211; 6,5 cm<br \/>\nContraplacado de b\u00e9tula de 10mm com folha natural de faia. Protec\u00e7\u00e3o \u00e0 base de \u00f3leos e cenas naturais, inodoro e seguro para pessoas, animais e plantas.<br \/>\nDevido \u00e0 natureza do material, pode apresentar pequenas varia\u00e7\u00f5es na cor ou padr\u00e3o.<\/p>\n<p><a href=\"https:\/\/52.pt\/make\/product\/hope-beech\/\" class=\"more-link style1-button\">Read More<\/a><\/p>","protected":false},"featured_media":937,"template":"","meta":{"_mi_skip_tracking":false},"product_cat":[57],"product_tag":[],"_links":{"self":[{"href":"https:\/\/52.pt\/make\/wp-json\/wp\/v2\/product\/936"}],"collection":[{"href":"https:\/\/52.pt\/make\/wp-json\/wp\/v2\/product"}],"about":[{"href":"https:\/\/52.pt\/make\/wp-json\/wp\/v2\/types\/product"}],"version-history":[{"count":2,"href":"https:\/\/52.pt\/make\/wp-json\/wp\/v2\/product\/936\/revisions"}],"predecessor-version":[{"id":1431,"href":"https:\/\/52.pt\/make\/wp-json\/wp\/v2\/product\/936\/revisions\/1431"}],"wp:featuredmedia":[{"embeddable":true,"href":"https:\/\/52.pt\/make\/wp-json\/wp\/v2\/media\/937"}],"wp:attachment":[{"href":"https:\/\/52.pt\/make\/wp-json\/wp\/v2\/media?parent=936"}],"wp:term":[{"taxonomy":"product_cat","embeddable":true,"href":"https:\/\/52.pt\/make\/wp-json\/wp\/v2\/product_cat?post=936"},{"taxonomy":"product_tag","embeddable":true,"href":"https:\/\/52.pt\/make\/wp-json\/wp\/v2\/product_tag?post=936"}],"curies":[{"name":"wp","href":"https:\/\/api.w.org\/{rel}","templated":true}]}}