{"id":944,"date":"2020-04-08T16:49:42","date_gmt":"2020-04-08T16:49:42","guid":{"rendered":"https:\/\/52.pt\/make\/?post_type=product&#038;p=944"},"modified":"2023-07-13T10:36:51","modified_gmt":"2023-07-13T10:36:51","slug":"leda-romeo-grey","status":"publish","type":"product","link":"https:\/\/52.pt\/make\/product\/leda-romeo-grey\/","title":{"rendered":"Leda &#038; Romeo Grey"},"content":{"rendered":"","protected":false},"excerpt":{"rendered":"<p><strong>Jarras de parede<\/strong><\/p>\n<p>Para flores secas ou artificiais. Para uso de flores naturais, inserir um recipiente com \u00e1gua.<br \/>\nFlores e plantas n\u00e3o inclu\u00eddas.<\/p>\n<p>FEITO \u00c0 M\u00c3O em Portugal.<\/p>\n<p>*<\/p>\n<p>Romeo \u2013\u00a0largura &#8211; 27 cm |\u00a0altura &#8211; 36 cm<br \/>\nLeda \u2013\u00a0largura \u2013 28 cm | altura \u2013 40 cm<br \/>\nProfundidade &#8211; 6,5 cm<br \/>\nValchromat cinza de 8 mm. Protec\u00e7\u00e3o \u00e0 base de \u00f3leos e cenas naturais, inodoro e seguro para pessoas, animais e plantas.<br \/>\nDevido \u00e0 natureza do material, pode apresentar pequenas varia\u00e7\u00f5es na cor ou padr\u00e3o.<\/p>\n<p><a href=\"https:\/\/52.pt\/make\/product\/leda-romeo-grey\/\" class=\"more-link style1-button\">Read More<\/a><\/p>","protected":false},"featured_media":945,"template":"","meta":{"_mi_skip_tracking":false},"product_cat":[57],"product_tag":[],"_links":{"self":[{"href":"https:\/\/52.pt\/make\/wp-json\/wp\/v2\/product\/944"}],"collection":[{"href":"https:\/\/52.pt\/make\/wp-json\/wp\/v2\/product"}],"about":[{"href":"https:\/\/52.pt\/make\/wp-json\/wp\/v2\/types\/product"}],"version-history":[{"count":1,"href":"https:\/\/52.pt\/make\/wp-json\/wp\/v2\/product\/944\/revisions"}],"predecessor-version":[{"id":1283,"href":"https:\/\/52.pt\/make\/wp-json\/wp\/v2\/product\/944\/revisions\/1283"}],"wp:featuredmedia":[{"embeddable":true,"href":"https:\/\/52.pt\/make\/wp-json\/wp\/v2\/media\/945"}],"wp:attachment":[{"href":"https:\/\/52.pt\/make\/wp-json\/wp\/v2\/media?parent=944"}],"wp:term":[{"taxonomy":"product_cat","embeddable":true,"href":"https:\/\/52.pt\/make\/wp-json\/wp\/v2\/product_cat?post=944"},{"taxonomy":"product_tag","embeddable":true,"href":"https:\/\/52.pt\/make\/wp-json\/wp\/v2\/product_tag?post=944"}],"curies":[{"name":"wp","href":"https:\/\/api.w.org\/{rel}","templated":true}]}}