{"id":947,"date":"2020-04-08T16:55:34","date_gmt":"2020-04-08T16:55:34","guid":{"rendered":"https:\/\/52.pt\/make\/?post_type=product&#038;p=947"},"modified":"2023-07-13T10:34:37","modified_gmt":"2023-07-13T10:34:37","slug":"romeo-beech","status":"publish","type":"product","link":"https:\/\/52.pt\/make\/product\/romeo-beech\/","title":{"rendered":"Romeo Beech"},"content":{"rendered":"","protected":false},"excerpt":{"rendered":"<p><strong>Jarra de parede<\/strong><\/p>\n<p>Para flores secas ou artificiais. Para uso de flores naturais, inserir um recipiente com \u00e1gua.<br \/>\nFlores e plantas n\u00e3o inclu\u00eddas.<\/p>\n<p>FEITO \u00c0 M\u00c3O em Portugal.<\/p>\n<p>*<br \/>\n&#8220;Romeo n\u00e3o \u00e9 fogo que arde, n\u00e3o \u00e9 tormenta. \u00c9 tranquilidade e pondera\u00e7\u00e3o. \u00c9 modera\u00e7\u00e3o. \u00c9 equil\u00edbrio e \u00e9 bonan\u00e7a. Jamais tempestade.<br \/>\nRomeo \u00e9 sorriso tranquilo e olhar atento. \u00c9 a prova de que o Amor n\u00e3o tem que ser paix\u00e3o ardente. O Amor de Romeo \u00e9 m\u00e3o dada, \u00e9 abra\u00e7o, \u00e9 palavra, \u00e9 conforto&#8230; \u00e9 a melodia que queremos ouvir uma e outra e outra vez, todos os dias da nossa vida.\u201d<br \/>\nCarla Nazareth<br \/>\n*<\/p>\n<p>Largura &#8211; 27 cm<br \/>\nAltura &#8211; 36 cm<br \/>\nProfundidade &#8211; 6,5 cm<br \/>\nContraplacado de b\u00e9tula de 10mm com folha natural de faia. Protec\u00e7\u00e3o \u00e0 base de \u00f3leos e cenas naturais, inodoro e seguro para pessoas, animais e plantas.<br \/>\nDevido \u00e0 natureza do material, pode apresentar pequenas varia\u00e7\u00f5es na cor ou padr\u00e3o.<\/p>\n<p><a href=\"https:\/\/52.pt\/make\/product\/romeo-beech\/\" class=\"more-link style1-button\">Read More<\/a><\/p>","protected":false},"featured_media":948,"template":"","meta":{"_mi_skip_tracking":false},"product_cat":[57],"product_tag":[],"_links":{"self":[{"href":"https:\/\/52.pt\/make\/wp-json\/wp\/v2\/product\/947"}],"collection":[{"href":"https:\/\/52.pt\/make\/wp-json\/wp\/v2\/product"}],"about":[{"href":"https:\/\/52.pt\/make\/wp-json\/wp\/v2\/types\/product"}],"version-history":[{"count":2,"href":"https:\/\/52.pt\/make\/wp-json\/wp\/v2\/product\/947\/revisions"}],"predecessor-version":[{"id":1452,"href":"https:\/\/52.pt\/make\/wp-json\/wp\/v2\/product\/947\/revisions\/1452"}],"wp:featuredmedia":[{"embeddable":true,"href":"https:\/\/52.pt\/make\/wp-json\/wp\/v2\/media\/948"}],"wp:attachment":[{"href":"https:\/\/52.pt\/make\/wp-json\/wp\/v2\/media?parent=947"}],"wp:term":[{"taxonomy":"product_cat","embeddable":true,"href":"https:\/\/52.pt\/make\/wp-json\/wp\/v2\/product_cat?post=947"},{"taxonomy":"product_tag","embeddable":true,"href":"https:\/\/52.pt\/make\/wp-json\/wp\/v2\/product_tag?post=947"}],"curies":[{"name":"wp","href":"https:\/\/api.w.org\/{rel}","templated":true}]}}